{"id":953,"date":"2026-03-24T13:52:25","date_gmt":"2026-03-24T16:52:25","guid":{"rendered":"https:\/\/isfd528-bue.infd.edu.ar\/sitio\/?page_id=953"},"modified":"2026-03-24T13:57:56","modified_gmt":"2026-03-24T16:57:56","slug":"tecnicatura-superior-en-trabajo-social","status":"publish","type":"page","link":"https:\/\/isfd528-bue.infd.edu.ar\/sitio\/tecnicatura-superior-en-trabajo-social\/","title":{"rendered":"Tecnicatura Superior en Trabajo Social"},"content":{"rendered":"\n<p>La carrera Trabajo Social como disciplina cient\u00edfica se inserta en el campo de las Ciencias<br>Sociales incorporando conceptos y principios cient\u00edficos para intervenir en la realidad<br>social constituy\u00e9ndose as\u00ed, en su principal fuente de conocimiento.<br>Los conceptos e instrumentos metodol\u00f3gicos con los que trabaja, definen y diferencian al<br>Trabajador Social, enriquecen la comprensi\u00f3n del hombre y contribuyen a su orientaci\u00f3n<br>ante las problem\u00e1ticas sociales que plantean sus procesos socio-hist\u00f3ricos de<br>configuraci\u00f3n.<\/p>\n\n\n\n<p>El Trabajador Social es un profesional competente para intervenir en diferentes espacios<br>gubernamentales y no gubernamentales; capacitado para el abordaje de problem\u00e1ticas<br>sociales e implementar alternativas de resoluci\u00f3n instrumentando metodolog\u00edas de la<br>investigaci\u00f3n, elaborando diagn\u00f3sticos y planificaciones; asesorando, gestionando y<br>coordinando acciones y recursos a trav\u00e9s de la sistematizaci\u00f3n de su pr\u00e1ctica profesional.<\/p>\n\n\n\n<h2 class=\"wp-block-heading\">ESTRUCTURA CURRICULA<\/h2>\n\n\n\n<figure class=\"wp-block-image size-full is-resized\"><img decoding=\"async\" loading=\"lazy\" src=\"https:\/\/isfd528-bue.infd.edu.ar\/sitio\/wp-content\/uploads\/2026\/03\/image-5.png\" alt=\"\" class=\"wp-image-957\" width=\"1020\" height=\"383\" srcset=\"https:\/\/isfd528-bue.infd.edu.ar\/sitio\/wp-content\/uploads\/2026\/03\/image-5.png 1211w, https:\/\/isfd528-bue.infd.edu.ar\/sitio\/wp-content\/uploads\/2026\/03\/image-5-1000x376.png 1000w, https:\/\/isfd528-bue.infd.edu.ar\/sitio\/wp-content\/uploads\/2026\/03\/image-5-768x289.png 768w\" sizes=\"(max-width: 1020px) 100vw, 1020px\" \/><\/figure>\n\n\n\n<figure class=\"wp-block-image size-full\"><img decoding=\"async\" loading=\"lazy\" width=\"1211\" height=\"455\" src=\"https:\/\/isfd528-bue.infd.edu.ar\/sitio\/wp-content\/uploads\/2026\/03\/image-6.png\" alt=\"\" class=\"wp-image-958\" srcset=\"https:\/\/isfd528-bue.infd.edu.ar\/sitio\/wp-content\/uploads\/2026\/03\/image-6.png 1211w, https:\/\/isfd528-bue.infd.edu.ar\/sitio\/wp-content\/uploads\/2026\/03\/image-6-1000x376.png 1000w, https:\/\/isfd528-bue.infd.edu.ar\/sitio\/wp-content\/uploads\/2026\/03\/image-6-768x289.png 768w\" sizes=\"(max-width: 1211px) 100vw, 1211px\" \/><\/figure>\n\n\n\n<figure class=\"wp-block-image size-full\"><img decoding=\"async\" loading=\"lazy\" width=\"1211\" height=\"455\" src=\"https:\/\/isfd528-bue.infd.edu.ar\/sitio\/wp-content\/uploads\/2026\/03\/image-7.png\" alt=\"\" class=\"wp-image-959\" srcset=\"https:\/\/isfd528-bue.infd.edu.ar\/sitio\/wp-content\/uploads\/2026\/03\/image-7.png 1211w, https:\/\/isfd528-bue.infd.edu.ar\/sitio\/wp-content\/uploads\/2026\/03\/image-7-1000x376.png 1000w, https:\/\/isfd528-bue.infd.edu.ar\/sitio\/wp-content\/uploads\/2026\/03\/image-7-768x289.png 768w\" sizes=\"(max-width: 1211px) 100vw, 1211px\" \/><\/figure>\n\n\n\n<div class=\"wp-block-file\"><object class=\"wp-block-file__embed\" data=\"https:\/\/isfd528-bue.infd.edu.ar\/sitio\/wp-content\/uploads\/2026\/03\/TRABAJO_SOCIAL_RESOLUCION_166606.pdf\" type=\"application\/pdf\" style=\"width:100%;height:600px\" aria-label=\"Incrustado de TRABAJO_SOCIAL_RESOLUCION_166606.\"><\/object><a id=\"wp-block-file--media-0f83cfb9-e97a-4a4d-8690-ba21ca496f9e\" href=\"https:\/\/isfd528-bue.infd.edu.ar\/sitio\/wp-content\/uploads\/2026\/03\/TRABAJO_SOCIAL_RESOLUCION_166606.pdf\">TRABAJO_SOCIAL_RESOLUCION_166606<\/a><a href=\"https:\/\/isfd528-bue.infd.edu.ar\/sitio\/wp-content\/uploads\/2026\/03\/TRABAJO_SOCIAL_RESOLUCION_166606.pdf\" class=\"wp-block-file__button wp-element-button\" download aria-describedby=\"wp-block-file--media-0f83cfb9-e97a-4a4d-8690-ba21ca496f9e\">Descarga<\/a><\/div>\n","protected":false},"excerpt":{"rendered":"<p>La carrera Trabajo Social como disciplina cient\u00edfica se inserta en el campo de las CienciasSociales incorporando conceptos y principios cient\u00edficos para intervenir en la realidadsocial constituy\u00e9ndose as\u00ed, en su principal fuente de conocimiento.Los conceptos e instrumentos metodol\u00f3gicos con los que trabaja, definen y diferencian alTrabajador Social, enriquecen la comprensi\u00f3n del hombre y contribuyen a su &#8230; <a title=\"Tecnicatura Superior en Trabajo Social\" class=\"read-more\" href=\"https:\/\/isfd528-bue.infd.edu.ar\/sitio\/tecnicatura-superior-en-trabajo-social\/\" aria-label=\"More on Tecnicatura Superior en Trabajo Social\">[+]<\/a><\/p>\n","protected":false},"author":114,"featured_media":0,"parent":0,"menu_order":0,"comment_status":"closed","ping_status":"closed","template":"","meta":[],"acf":[],"_links":{"self":[{"href":"https:\/\/isfd528-bue.infd.edu.ar\/sitio\/wp-json\/wp\/v2\/pages\/953"}],"collection":[{"href":"https:\/\/isfd528-bue.infd.edu.ar\/sitio\/wp-json\/wp\/v2\/pages"}],"about":[{"href":"https:\/\/isfd528-bue.infd.edu.ar\/sitio\/wp-json\/wp\/v2\/types\/page"}],"author":[{"embeddable":true,"href":"https:\/\/isfd528-bue.infd.edu.ar\/sitio\/wp-json\/wp\/v2\/users\/114"}],"replies":[{"embeddable":true,"href":"https:\/\/isfd528-bue.infd.edu.ar\/sitio\/wp-json\/wp\/v2\/comments?post=953"}],"version-history":[{"count":2,"href":"https:\/\/isfd528-bue.infd.edu.ar\/sitio\/wp-json\/wp\/v2\/pages\/953\/revisions"}],"predecessor-version":[{"id":961,"href":"https:\/\/isfd528-bue.infd.edu.ar\/sitio\/wp-json\/wp\/v2\/pages\/953\/revisions\/961"}],"wp:attachment":[{"href":"https:\/\/isfd528-bue.infd.edu.ar\/sitio\/wp-json\/wp\/v2\/media?parent=953"}],"curies":[{"name":"wp","href":"https:\/\/api.w.org\/{rel}","templated":true}]}}