{"id":867,"date":"2026-03-24T11:20:32","date_gmt":"2026-03-24T14:20:32","guid":{"rendered":"https:\/\/isfd528-bue.infd.edu.ar\/sitio\/?page_id=867"},"modified":"2026-03-24T12:37:11","modified_gmt":"2026-03-24T15:37:11","slug":"tecnicatura-superior-en-desarrollo-de-software","status":"publish","type":"page","link":"https:\/\/isfd528-bue.infd.edu.ar\/sitio\/tecnicatura-superior-en-desarrollo-de-software\/","title":{"rendered":"Tecnicatura\u00a0Superior en Desarrollo de Software"},"content":{"rendered":"\n<p>El desarrollo de software se ha convertido en una de las disciplinas m\u00e1s importantes en<br>la actualidad y se encuentra avanzando a pasos agigantados, ya que el consumo de<br>productos software por parte de la sociedad es cada vez mayor y la necesidad de dar<br>soluciones a problemas cotidianos con la tecnolog\u00eda se vuelve imprescindible.<\/p>\n\n\n\n<p class=\"p { text-align: justify;}\">El T\u00e9cnico Superior en Desarrollo de Software estar\u00e1 capacitado para producir artefactos<br>de software, lo que comprende su dise\u00f1o detallado, construcci\u00f3n -reutilizando elementos<br>existentes o program\u00e1ndolos enteramente- y verificaci\u00f3n unitaria, as\u00ed como su<br>depuraci\u00f3n, optimizaci\u00f3n y mantenimiento; desarrollando las actividades descriptas en el<br>perfil profesional y cumpliendo con los criterios de realizaci\u00f3n establecidos para las<br>mismas en el marco de un equipo de trabajo organizado por proyecto.<br>El proceso de desarrollo de software es una tarea grupal, o tambi\u00e9n individual y muchas<br>veces multidisciplinaria que se organiza por proyectos. Cada proyecto es negociado y<br>acordado con el cliente o usuario y llevado a cabo por un equipo de trabajo constituido<br>\u201cad-hoc\u201d, conducido y administrado por un l\u00edder que mantiene la relaci\u00f3n diaria con el<br>cliente o usuario y asume la responsabilidad operativa del proyecto.<\/p>\n\n\n\n<div style=\"height:100px\" aria-hidden=\"true\" class=\"wp-block-spacer\"><\/div>\n\n\n\n<h2 class=\"wp-block-heading\">Estructura Curricular<\/h2>\n\n\n\n<figure class=\"wp-block-image size-full\"><img decoding=\"async\" loading=\"lazy\" width=\"1189\" height=\"238\" src=\"https:\/\/isfd528-bue.infd.edu.ar\/sitio\/wp-content\/uploads\/2026\/03\/image.png\" alt=\"\" class=\"wp-image-872\" srcset=\"https:\/\/isfd528-bue.infd.edu.ar\/sitio\/wp-content\/uploads\/2026\/03\/image.png 1189w, https:\/\/isfd528-bue.infd.edu.ar\/sitio\/wp-content\/uploads\/2026\/03\/image-1000x200.png 1000w, https:\/\/isfd528-bue.infd.edu.ar\/sitio\/wp-content\/uploads\/2026\/03\/image-768x154.png 768w\" sizes=\"(max-width: 1189px) 100vw, 1189px\" \/><\/figure>\n\n\n\n<figure class=\"wp-block-image size-full\"><img decoding=\"async\" loading=\"lazy\" width=\"1189\" height=\"238\" src=\"https:\/\/isfd528-bue.infd.edu.ar\/sitio\/wp-content\/uploads\/2026\/03\/image-1.png\" alt=\"\" class=\"wp-image-873\" srcset=\"https:\/\/isfd528-bue.infd.edu.ar\/sitio\/wp-content\/uploads\/2026\/03\/image-1.png 1189w, https:\/\/isfd528-bue.infd.edu.ar\/sitio\/wp-content\/uploads\/2026\/03\/image-1-1000x200.png 1000w, https:\/\/isfd528-bue.infd.edu.ar\/sitio\/wp-content\/uploads\/2026\/03\/image-1-768x154.png 768w\" sizes=\"(max-width: 1189px) 100vw, 1189px\" \/><\/figure>\n\n\n\n<figure class=\"wp-block-image size-full\"><img decoding=\"async\" loading=\"lazy\" width=\"1189\" height=\"250\" src=\"https:\/\/isfd528-bue.infd.edu.ar\/sitio\/wp-content\/uploads\/2026\/03\/image-2.png\" alt=\"\" class=\"wp-image-874\" srcset=\"https:\/\/isfd528-bue.infd.edu.ar\/sitio\/wp-content\/uploads\/2026\/03\/image-2.png 1189w, https:\/\/isfd528-bue.infd.edu.ar\/sitio\/wp-content\/uploads\/2026\/03\/image-2-1000x210.png 1000w, https:\/\/isfd528-bue.infd.edu.ar\/sitio\/wp-content\/uploads\/2026\/03\/image-2-768x161.png 768w\" sizes=\"(max-width: 1189px) 100vw, 1189px\" \/><\/figure>\n\n\n\n<div style=\"height:100px\" aria-hidden=\"true\" class=\"wp-block-spacer\"><\/div>\n\n\n\n<h2 class=\"wp-block-heading\">RESOLUCI\u00d3N N\u00b05847\/19<\/h2>\n\n\n\n<div class=\"wp-block-file\"><object class=\"wp-block-file__embed\" data=\"https:\/\/isfd528-bue.infd.edu.ar\/sitio\/wp-content\/uploads\/2026\/03\/TS-en-Desarrollo-de-Software-Res.-5847_19-Anexo-I.pdf\" type=\"application\/pdf\" style=\"width:100%;height:600px\" aria-label=\"Incrustado de TS-en-Desarrollo-de-Software-Res.-5847_19-Anexo-I.\"><\/object><a id=\"wp-block-file--media-9a6bc08d-9b5c-4121-be4a-a1c9e7742f23\" href=\"https:\/\/isfd528-bue.infd.edu.ar\/sitio\/wp-content\/uploads\/2026\/03\/TS-en-Desarrollo-de-Software-Res.-5847_19-Anexo-I.pdf\">TS-en-Desarrollo-de-Software-Res.-5847_19-Anexo-I<\/a><a href=\"https:\/\/isfd528-bue.infd.edu.ar\/sitio\/wp-content\/uploads\/2026\/03\/TS-en-Desarrollo-de-Software-Res.-5847_19-Anexo-I.pdf\" class=\"wp-block-file__button wp-element-button\" download aria-describedby=\"wp-block-file--media-9a6bc08d-9b5c-4121-be4a-a1c9e7742f23\">Descarga<\/a><\/div>\n","protected":false},"excerpt":{"rendered":"<p>El desarrollo de software se ha convertido en una de las disciplinas m\u00e1s importantes enla actualidad y se encuentra avanzando a pasos agigantados, ya que el consumo deproductos software por parte de la sociedad es cada vez mayor y la necesidad de darsoluciones a problemas cotidianos con la tecnolog\u00eda se vuelve imprescindible. El T\u00e9cnico Superior &#8230; <a title=\"Tecnicatura\u00a0Superior en Desarrollo de Software\" class=\"read-more\" href=\"https:\/\/isfd528-bue.infd.edu.ar\/sitio\/tecnicatura-superior-en-desarrollo-de-software\/\" aria-label=\"More on Tecnicatura\u00a0Superior en Desarrollo de Software\">[+]<\/a><\/p>\n","protected":false},"author":114,"featured_media":0,"parent":0,"menu_order":0,"comment_status":"closed","ping_status":"closed","template":"","meta":[],"acf":[],"_links":{"self":[{"href":"https:\/\/isfd528-bue.infd.edu.ar\/sitio\/wp-json\/wp\/v2\/pages\/867"}],"collection":[{"href":"https:\/\/isfd528-bue.infd.edu.ar\/sitio\/wp-json\/wp\/v2\/pages"}],"about":[{"href":"https:\/\/isfd528-bue.infd.edu.ar\/sitio\/wp-json\/wp\/v2\/types\/page"}],"author":[{"embeddable":true,"href":"https:\/\/isfd528-bue.infd.edu.ar\/sitio\/wp-json\/wp\/v2\/users\/114"}],"replies":[{"embeddable":true,"href":"https:\/\/isfd528-bue.infd.edu.ar\/sitio\/wp-json\/wp\/v2\/comments?post=867"}],"version-history":[{"count":7,"href":"https:\/\/isfd528-bue.infd.edu.ar\/sitio\/wp-json\/wp\/v2\/pages\/867\/revisions"}],"predecessor-version":[{"id":906,"href":"https:\/\/isfd528-bue.infd.edu.ar\/sitio\/wp-json\/wp\/v2\/pages\/867\/revisions\/906"}],"wp:attachment":[{"href":"https:\/\/isfd528-bue.infd.edu.ar\/sitio\/wp-json\/wp\/v2\/media?parent=867"}],"curies":[{"name":"wp","href":"https:\/\/api.w.org\/{rel}","templated":true}]}}