{"id":286,"date":"2016-10-31T13:17:59","date_gmt":"2016-10-31T16:17:59","guid":{"rendered":"https:\/\/isfd528-bue.infd.edu.ar\/sitio\/?page_id=286"},"modified":"2026-03-24T12:27:00","modified_gmt":"2026-03-24T15:27:00","slug":"inicio","status":"publish","type":"page","link":"https:\/\/isfd528-bue.infd.edu.ar\/sitio\/","title":{"rendered":"Inicio"},"content":{"rendered":"<p style=\"text-align: center;\"><div id=\"metaslider-id-822\" style=\"width: 100%; margin: 0 auto;\" class=\"ml-slider-3-33-0 metaslider metaslider-flex metaslider-822 ml-slider align-items: center; justify-content: center; ms-theme-cubic nav-hidden has-carousel-mode\" role=\"region\" aria-roledescription=\"Slideshow\" aria-label=\"Slideshow\">\n    <div id=\"metaslider_container_822\">\n        <div id=\"metaslider_822\" class=\"flexslider\">\n            <ul aria-live=\"polite\" class=\"slides\">\n                <li style=\"display: none; width: 100%;\" class=\"slide-824 ms-image\" aria-roledescription=\"slide\" aria-label=\"slide-824\"><a href=\"https:\/\/isfd528-bue.infd.edu.ar\/sitio\/tecnicatura-superior-en-desarrollo-de-software\/\" target=\"_self\"><img src=\"https:\/\/isfd528-bue.infd.edu.ar\/sitio\/wp-content\/uploads\/2026\/03\/softwareBanner.png\" height=\"200\" width=\"1100\" alt=\"\" class=\"slider-822 slide-824\" title=\"softwareBanner\" \/><\/a><\/li>\n                <li style=\"display: none; width: 100%;\" class=\"slide-860 ms-image\" aria-roledescription=\"slide\" aria-label=\"slide-860\"><img src=\"https:\/\/isfd528-bue.infd.edu.ar\/sitio\/wp-content\/uploads\/2026\/03\/mapaBanner.png\" height=\"200\" width=\"1100\" alt=\"\" class=\"slider-822 slide-860\" title=\"mapaBanner\" \/><\/li>\n                <li style=\"display: none; width: 100%;\" class=\"slide-861 ms-image\" aria-roledescription=\"slide\" aria-label=\"slide-861\"><img src=\"https:\/\/isfd528-bue.infd.edu.ar\/sitio\/wp-content\/uploads\/2026\/03\/institutoBanner.png\" height=\"200\" width=\"1100\" alt=\"\" class=\"slider-822 slide-861\" title=\"institutoBanner\" \/><\/li>\n            <\/ul>\n        <\/div>\n        \n    <\/div>\n<\/div><\/p>\n<h1 style=\"text-align: center;\"><span style=\"color: #3e748e; font-family: arial, helvetica, sans-serif; font-size: 14pt;\">Instituto Superior de Formaci\u00f3n Docente N\u00ba 328<\/span><\/h1>\n<h1 style=\"text-align: center;\"><span style=\"color: #3e748e; font-family: arial, helvetica, sans-serif; font-size: 14pt;\">Norberto de la Riestra<\/span><\/h1>\n<p><img decoding=\"async\" loading=\"lazy\" class=\"size-medium wp-image-853 aligncenter\" src=\"https:\/\/isfd528-bue.infd.edu.ar\/sitio\/wp-content\/uploads\/2026\/03\/WhatsApp-Image-2026-03-24-at-10.50.46-1000x462.jpeg\" alt=\"\" width=\"1000\" height=\"462\" srcset=\"https:\/\/isfd528-bue.infd.edu.ar\/sitio\/wp-content\/uploads\/2026\/03\/WhatsApp-Image-2026-03-24-at-10.50.46-1000x462.jpeg 1000w, https:\/\/isfd528-bue.infd.edu.ar\/sitio\/wp-content\/uploads\/2026\/03\/WhatsApp-Image-2026-03-24-at-10.50.46-768x355.jpeg 768w, https:\/\/isfd528-bue.infd.edu.ar\/sitio\/wp-content\/uploads\/2026\/03\/WhatsApp-Image-2026-03-24-at-10.50.46.jpeg 1280w\" sizes=\"(max-width: 1000px) 100vw, 1000px\" \/><\/p>\n<p>&nbsp;<\/p>\n<p><span style=\"font-size: 10pt; color: black; font-family: Verdana;\">E<\/span><span style=\"font-size: 10pt; color: black; font-family: Verdana;\">ste Instituto Superior de Formaci\u00f3n Docente forma parte del sistema de educaci\u00f3n p\u00fablica de gesti\u00f3n estatal.<\/span><\/p>\n<p><span style=\"font-size: 10pt; color: black; font-family: Verdana;\">A trav\u00e9s de este sitio en Internet, nuestro Instituto podr\u00e1 comunicar novedades, acercar informaci\u00f3n, compartir experiencias y brindar apoyo y asesoramiento a\u00a0alumnos, docentes e interesados en formar parte de esta comunidad educativa.<\/span><\/p>\n<p><span style=\"font-size: 10pt; color: black; font-family: Verdana;\">Junto con varios cientos de Institutos, integramos la <strong><em><span style=\"font-family: Verdana;\">Red\u00a0Virtual de Institutos Superiores de Formaci\u00f3n Docente<\/span><\/em><\/strong>\u00a0coordinada por el <strong><span style=\"font-family: Verdana;\">INFD<\/span><\/strong> (Instituto Nacional de Formaci\u00f3n Docente) dependiente del Ministerio de Educaci\u00f3n de la Naci\u00f3n Argentina.<\/span><\/p>\n","protected":false},"excerpt":{"rendered":"<p>Instituto Superior de Formaci\u00f3n Docente N\u00ba 328 Norberto de la Riestra &nbsp; Este Instituto Superior de Formaci\u00f3n Docente forma parte del sistema de educaci\u00f3n p\u00fablica de gesti\u00f3n estatal. A trav\u00e9s de este sitio en Internet, nuestro Instituto podr\u00e1 comunicar novedades, acercar informaci\u00f3n, compartir experiencias y brindar apoyo y asesoramiento a\u00a0alumnos, docentes e interesados en formar &#8230; <a title=\"Inicio\" class=\"read-more\" href=\"https:\/\/isfd528-bue.infd.edu.ar\/sitio\/\" aria-label=\"More on Inicio\">[+]<\/a><\/p>\n","protected":false},"author":1,"featured_media":0,"parent":0,"menu_order":0,"comment_status":"closed","ping_status":"closed","template":"","meta":[],"acf":[],"_links":{"self":[{"href":"https:\/\/isfd528-bue.infd.edu.ar\/sitio\/wp-json\/wp\/v2\/pages\/286"}],"collection":[{"href":"https:\/\/isfd528-bue.infd.edu.ar\/sitio\/wp-json\/wp\/v2\/pages"}],"about":[{"href":"https:\/\/isfd528-bue.infd.edu.ar\/sitio\/wp-json\/wp\/v2\/types\/page"}],"author":[{"embeddable":true,"href":"https:\/\/isfd528-bue.infd.edu.ar\/sitio\/wp-json\/wp\/v2\/users\/1"}],"replies":[{"embeddable":true,"href":"https:\/\/isfd528-bue.infd.edu.ar\/sitio\/wp-json\/wp\/v2\/comments?post=286"}],"version-history":[{"count":108,"href":"https:\/\/isfd528-bue.infd.edu.ar\/sitio\/wp-json\/wp\/v2\/pages\/286\/revisions"}],"predecessor-version":[{"id":897,"href":"https:\/\/isfd528-bue.infd.edu.ar\/sitio\/wp-json\/wp\/v2\/pages\/286\/revisions\/897"}],"wp:attachment":[{"href":"https:\/\/isfd528-bue.infd.edu.ar\/sitio\/wp-json\/wp\/v2\/media?parent=286"}],"curies":[{"name":"wp","href":"https:\/\/api.w.org\/{rel}","templated":true}]}}